{"id":1468,"date":"2014-02-19T21:57:04","date_gmt":"2014-02-19T21:57:04","guid":{"rendered":"http:\/\/bienvenueafricains.com\/en\/wolof\/yoonu-mucc-gi-yalla-teral\/disc-4\/"},"modified":"2019-10-28T22:22:59","modified_gmt":"2019-10-28T22:22:59","slug":"disc-4","status":"publish","type":"page","link":"https:\/\/bienvenueafricains.com\/en\/wolof\/yoonu-mucc-gi-yalla-teral\/disc-4\/","title":{"rendered":"Stories 17-21 &#8211; The Way To Salvation (Yoonu Mucc gi Y\u00e0lla T\u00ebral) in Wolof"},"content":{"rendered":"<h3>Disc 4<\/h3>\n04.01-God Spared The Israelites (Y\u00e0lla Musal Na Waa Israyil Ca B\u00e9sub J\u00e9ggi Ba).mp3<br \/>\t<audio id=\"wp_mep_1\" src=\"http:\/\/bienvenueafricains.com\/mp3\/wolof\/1-yoonu-mucc-gi-yalla-teral\/disc4\/04.01-God Spared The Israelites (Y\u00e0lla Musal Na Waa Israyil Ca B\u00e9sub J\u00e9ggi Ba).mp3\"     controls=\"controls\" preload=\"none\"  >\r\n\t\t\r\n\t\t\r\n\t\t\r\n\t\t\r\n\t\t\r\n\t\t\r\n\t\t\r\n\t<\/audio>\r\n<script type=\"text\/javascript\">\r\njQuery(document).ready(function($) {\r\n\t$('#wp_mep_1').mediaelementplayer({\r\n\t\tm:1\r\n\t\t\r\n\t\t,features: ['playpause','current','progress','duration','volume','tracks','fullscreen']\r\n\t\t,audioWidth:320,audioHeight:\r\n\t});\r\n});\r\n<\/script>\r\n<p class=\"download-file\"><br \/><a href=\"http:\/\/bienvenueafricains.com\/mp3\/wolof\/1-yoonu-mucc-gi-yalla-teral\/disc4\/04.01-God Spared The Israelites (Y\u00e0lla Musal Na Waa Israyil Ca B\u00e9sub J\u00e9ggi Ba).mp3\">Download this file (Right Click to Save Link As) <\/a><br \/><br \/><p>04.02-God Delivered Israel At The Red Sea (Y\u00e0lla R\u00ebccloo Na Waa Israyil Ca G\u00e9ej Gu Xonq Ga).mp3<br \/>\t<audio id=\"wp_mep_2\" src=\"http:\/\/bienvenueafricains.com\/mp3\/wolof\/1-yoonu-mucc-gi-yalla-teral\/disc4\/04.02-God Delivered Israel At The Red Sea (Y\u00e0lla R\u00ebccloo Na Waa Israyil Ca G\u00e9ej Gu Xonq Ga).mp3\"     controls=\"controls\" preload=\"none\"  >\r\n\t\t\r\n\t\t\r\n\t\t\r\n\t\t\r\n\t\t\r\n\t\t\r\n\t\t\r\n\t<\/audio>\r\n<script type=\"text\/javascript\">\r\njQuery(document).ready(function($) {\r\n\t$('#wp_mep_2').mediaelementplayer({\r\n\t\tm:1\r\n\t\t\r\n\t\t,features: ['playpause','current','progress','duration','volume','tracks','fullscreen']\r\n\t\t,audioWidth:320,audioHeight:\r\n\t});\r\n});\r\n<\/script>\r\n<p class=\"download-file\"><br \/><a href=\"http:\/\/bienvenueafricains.com\/mp3\/wolof\/1-yoonu-mucc-gi-yalla-teral\/disc4\/04.02-God Delivered Israel At The Red Sea (Y\u00e0lla R\u00ebccloo Na Waa Israyil Ca G\u00e9ej Gu Xonq Ga).mp3\">Download this file (Right Click to Save Link As) <\/a><br \/><br \/><p>04.03-God Gave The Ten Commandments (Y\u00e0lla W\u00e0cce Na Fukki Ndigal Yi).mp3<br \/>\t<audio id=\"wp_mep_3\" src=\"http:\/\/bienvenueafricains.com\/mp3\/wolof\/1-yoonu-mucc-gi-yalla-teral\/disc4\/04.03-God Gave The Ten Commandments (Y\u00e0lla W\u00e0cce Na Fukki Ndigal Yi).mp3\"     controls=\"controls\" preload=\"none\"  >\r\n\t\t\r\n\t\t\r\n\t\t\r\n\t\t\r\n\t\t\r\n\t\t\r\n\t\t\r\n\t<\/audio>\r\n<script type=\"text\/javascript\">\r\njQuery(document).ready(function($) {\r\n\t$('#wp_mep_3').mediaelementplayer({\r\n\t\tm:1\r\n\t\t\r\n\t\t,features: ['playpause','current','progress','duration','volume','tracks','fullscreen']\r\n\t\t,audioWidth:320,audioHeight:\r\n\t});\r\n});\r\n<\/script>\r\n<p class=\"download-file\"><br \/><a href=\"http:\/\/bienvenueafricains.com\/mp3\/wolof\/1-yoonu-mucc-gi-yalla-teral\/disc4\/04.03-God Gave The Ten Commandments (Y\u00e0lla W\u00e0cce Na Fukki Ndigal Yi).mp3\">Download this file (Right Click to Save Link As) <\/a><br \/><br \/><p>04.04-God Judges Israel For Worshipping 'The Golden Calf' (Y\u00e0lla \u00c0tte Na Waa Israyil Ndax S\u00eblluw Wurus Wa).mp3<br \/>\t<audio id=\"wp_mep_4\" src=\"http:\/\/bienvenueafricains.com\/mp3\/wolof\/1-yoonu-mucc-gi-yalla-teral\/disc4\/04.04-God Judges Israel For Worshipping 'The Golden Calf' (Y\u00e0lla \u00c0tte Na Waa Israyil Ndax S\u00eblluw Wurus Wa).mp3\"     controls=\"controls\" preload=\"none\"  >\r\n\t\t\r\n\t\t\r\n\t\t\r\n\t\t\r\n\t\t\r\n\t\t\r\n\t\t\r\n\t<\/audio>\r\n<script type=\"text\/javascript\">\r\njQuery(document).ready(function($) {\r\n\t$('#wp_mep_4').mediaelementplayer({\r\n\t\tm:1\r\n\t\t\r\n\t\t,features: ['playpause','current','progress','duration','volume','tracks','fullscreen']\r\n\t\t,audioWidth:320,audioHeight:\r\n\t});\r\n});\r\n<\/script>\r\n<p class=\"download-file\"><br \/><a href=\"http:\/\/bienvenueafricains.com\/mp3\/wolof\/1-yoonu-mucc-gi-yalla-teral\/disc4\/04.04-God Judges Israel For Worshipping 'The Golden Calf' (Y\u00e0lla \u00c0tte Na Waa Israyil Ndax S\u00eblluw Wurus Wa).mp3\">Download this file (Right Click to Save Link As) <\/a><br \/><br \/><p>04.05-God Gave The Plans For 'The Tabernable' (Y\u00e0lla Jox Na Musaa Nataalu Mbaaru M\u00e0ggalukay Bi).mp3<br \/>\t<audio id=\"wp_mep_5\" src=\"http:\/\/bienvenueafricains.com\/mp3\/wolof\/1-yoonu-mucc-gi-yalla-teral\/disc4\/04.05-God Gave The Plans For 'The Tabernable' (Y\u00e0lla Jox Na Musaa Nataalu Mbaaru M\u00e0ggalukay Bi).mp3\"     controls=\"controls\" preload=\"none\"  >\r\n\t\t\r\n\t\t\r\n\t\t\r\n\t\t\r\n\t\t\r\n\t\t\r\n\t\t\r\n\t<\/audio>\r\n<script type=\"text\/javascript\">\r\njQuery(document).ready(function($) {\r\n\t$('#wp_mep_5').mediaelementplayer({\r\n\t\tm:1\r\n\t\t\r\n\t\t,features: ['playpause','current','progress','duration','volume','tracks','fullscreen']\r\n\t\t,audioWidth:320,audioHeight:\r\n\t});\r\n});\r\n<\/script>\r\n<p class=\"download-file\"><br \/><a href=\"http:\/\/bienvenueafricains.com\/mp3\/wolof\/1-yoonu-mucc-gi-yalla-teral\/disc4\/04.05-God Gave The Plans For 'The Tabernable' (Y\u00e0lla Jox Na Musaa Nataalu Mbaaru M\u00e0ggalukay Bi).mp3\">Download this file (Right Click to Save Link As) <\/a><br \/><br \/><p>\n","protected":false},"excerpt":{"rendered":"<p>Disc 4<\/p>\n","protected":false},"author":2,"featured_media":0,"parent":1385,"menu_order":3,"comment_status":"closed","ping_status":"closed","template":"","meta":[],"acf":[],"yoast_head":"<!-- This site is optimized with the Yoast SEO plugin v21.8.1 - https:\/\/yoast.com\/wordpress\/plugins\/seo\/ -->\n<title>Stories 17-21 - The Way To Salvation (Yoonu Mucc gi Y\u00e0lla T\u00ebral) in Wolof - Welcome Africans<\/title>\n<meta name=\"robots\" content=\"index, follow, max-snippet:-1, max-image-preview:large, max-video-preview:-1\" \/>\n<link rel=\"canonical\" href=\"https:\/\/bienvenueafricains.com\/en\/wolof\/yoonu-mucc-gi-yalla-teral\/disc-4\/\" \/>\n<meta property=\"og:locale\" content=\"en_US\" \/>\n<meta property=\"og:type\" content=\"article\" \/>\n<meta property=\"og:title\" content=\"Stories 17-21 - The Way To Salvation (Yoonu Mucc gi Y\u00e0lla T\u00ebral) in Wolof - Welcome Africans\" \/>\n<meta property=\"og:description\" content=\"Disc 4\" \/>\n<meta property=\"og:url\" content=\"https:\/\/bienvenueafricains.com\/en\/wolof\/yoonu-mucc-gi-yalla-teral\/disc-4\/\" \/>\n<meta property=\"og:site_name\" content=\"Welcome Africans\" \/>\n<meta property=\"article:modified_time\" content=\"2019-10-28T22:22:59+00:00\" \/>\n<meta name=\"twitter:card\" content=\"summary_large_image\" \/>\n<script type=\"application\/ld+json\" class=\"yoast-schema-graph\">{\"@context\":\"https:\/\/schema.org\",\"@graph\":[{\"@type\":\"WebPage\",\"@id\":\"https:\/\/bienvenueafricains.com\/en\/wolof\/yoonu-mucc-gi-yalla-teral\/disc-4\/\",\"url\":\"https:\/\/bienvenueafricains.com\/en\/wolof\/yoonu-mucc-gi-yalla-teral\/disc-4\/\",\"name\":\"Stories 17-21 - The Way To Salvation (Yoonu Mucc gi Y\u00e0lla T\u00ebral) in Wolof - Welcome Africans\",\"isPartOf\":{\"@id\":\"https:\/\/bienvenueafricains.com\/en\/#website\"},\"datePublished\":\"2014-02-19T21:57:04+00:00\",\"dateModified\":\"2019-10-28T22:22:59+00:00\",\"breadcrumb\":{\"@id\":\"https:\/\/bienvenueafricains.com\/en\/wolof\/yoonu-mucc-gi-yalla-teral\/disc-4\/#breadcrumb\"},\"inLanguage\":\"en-US\",\"potentialAction\":[{\"@type\":\"ReadAction\",\"target\":[\"https:\/\/bienvenueafricains.com\/en\/wolof\/yoonu-mucc-gi-yalla-teral\/disc-4\/\"]}]},{\"@type\":\"BreadcrumbList\",\"@id\":\"https:\/\/bienvenueafricains.com\/en\/wolof\/yoonu-mucc-gi-yalla-teral\/disc-4\/#breadcrumb\",\"itemListElement\":[{\"@type\":\"ListItem\",\"position\":1,\"name\":\"Home\",\"item\":\"https:\/\/bienvenueafricains.com\/en\/\"},{\"@type\":\"ListItem\",\"position\":2,\"name\":\"Wolof\",\"item\":\"https:\/\/bienvenueafricains.com\/en\/wolof\/\"},{\"@type\":\"ListItem\",\"position\":3,\"name\":\"The Way To Salvation (Yoonu Mucc gi Y\u00e0lla T\u00ebral) in Wolof\",\"item\":\"https:\/\/bienvenueafricains.com\/en\/wolof\/yoonu-mucc-gi-yalla-teral\/\"},{\"@type\":\"ListItem\",\"position\":4,\"name\":\"Stories 17-21 &#8211; The Way To Salvation (Yoonu Mucc gi Y\u00e0lla T\u00ebral) in Wolof\"}]},{\"@type\":\"WebSite\",\"@id\":\"https:\/\/bienvenueafricains.com\/en\/#website\",\"url\":\"https:\/\/bienvenueafricains.com\/en\/\",\"name\":\"Welcome Africans\",\"description\":\"On the Straight Path to God through Nabi Isa\",\"potentialAction\":[{\"@type\":\"SearchAction\",\"target\":{\"@type\":\"EntryPoint\",\"urlTemplate\":\"https:\/\/bienvenueafricains.com\/en\/?s={search_term_string}\"},\"query-input\":\"required name=search_term_string\"}],\"inLanguage\":\"en-US\"}]}<\/script>\n<!-- \/ Yoast SEO plugin. -->","yoast_head_json":{"title":"Stories 17-21 - The Way To Salvation (Yoonu Mucc gi Y\u00e0lla T\u00ebral) in Wolof - Welcome Africans","robots":{"index":"index","follow":"follow","max-snippet":"max-snippet:-1","max-image-preview":"max-image-preview:large","max-video-preview":"max-video-preview:-1"},"canonical":"https:\/\/bienvenueafricains.com\/en\/wolof\/yoonu-mucc-gi-yalla-teral\/disc-4\/","og_locale":"en_US","og_type":"article","og_title":"Stories 17-21 - The Way To Salvation (Yoonu Mucc gi Y\u00e0lla T\u00ebral) in Wolof - Welcome Africans","og_description":"Disc 4","og_url":"https:\/\/bienvenueafricains.com\/en\/wolof\/yoonu-mucc-gi-yalla-teral\/disc-4\/","og_site_name":"Welcome Africans","article_modified_time":"2019-10-28T22:22:59+00:00","twitter_card":"summary_large_image","schema":{"@context":"https:\/\/schema.org","@graph":[{"@type":"WebPage","@id":"https:\/\/bienvenueafricains.com\/en\/wolof\/yoonu-mucc-gi-yalla-teral\/disc-4\/","url":"https:\/\/bienvenueafricains.com\/en\/wolof\/yoonu-mucc-gi-yalla-teral\/disc-4\/","name":"Stories 17-21 - The Way To Salvation (Yoonu Mucc gi Y\u00e0lla T\u00ebral) in Wolof - Welcome Africans","isPartOf":{"@id":"https:\/\/bienvenueafricains.com\/en\/#website"},"datePublished":"2014-02-19T21:57:04+00:00","dateModified":"2019-10-28T22:22:59+00:00","breadcrumb":{"@id":"https:\/\/bienvenueafricains.com\/en\/wolof\/yoonu-mucc-gi-yalla-teral\/disc-4\/#breadcrumb"},"inLanguage":"en-US","potentialAction":[{"@type":"ReadAction","target":["https:\/\/bienvenueafricains.com\/en\/wolof\/yoonu-mucc-gi-yalla-teral\/disc-4\/"]}]},{"@type":"BreadcrumbList","@id":"https:\/\/bienvenueafricains.com\/en\/wolof\/yoonu-mucc-gi-yalla-teral\/disc-4\/#breadcrumb","itemListElement":[{"@type":"ListItem","position":1,"name":"Home","item":"https:\/\/bienvenueafricains.com\/en\/"},{"@type":"ListItem","position":2,"name":"Wolof","item":"https:\/\/bienvenueafricains.com\/en\/wolof\/"},{"@type":"ListItem","position":3,"name":"The Way To Salvation (Yoonu Mucc gi Y\u00e0lla T\u00ebral) in Wolof","item":"https:\/\/bienvenueafricains.com\/en\/wolof\/yoonu-mucc-gi-yalla-teral\/"},{"@type":"ListItem","position":4,"name":"Stories 17-21 &#8211; The Way To Salvation (Yoonu Mucc gi Y\u00e0lla T\u00ebral) in Wolof"}]},{"@type":"WebSite","@id":"https:\/\/bienvenueafricains.com\/en\/#website","url":"https:\/\/bienvenueafricains.com\/en\/","name":"Welcome Africans","description":"On the Straight Path to God through Nabi Isa","potentialAction":[{"@type":"SearchAction","target":{"@type":"EntryPoint","urlTemplate":"https:\/\/bienvenueafricains.com\/en\/?s={search_term_string}"},"query-input":"required name=search_term_string"}],"inLanguage":"en-US"}]}},"_links":{"self":[{"href":"https:\/\/bienvenueafricains.com\/en\/wp-json\/wp\/v2\/pages\/1468"}],"collection":[{"href":"https:\/\/bienvenueafricains.com\/en\/wp-json\/wp\/v2\/pages"}],"about":[{"href":"https:\/\/bienvenueafricains.com\/en\/wp-json\/wp\/v2\/types\/page"}],"author":[{"embeddable":true,"href":"https:\/\/bienvenueafricains.com\/en\/wp-json\/wp\/v2\/users\/2"}],"replies":[{"embeddable":true,"href":"https:\/\/bienvenueafricains.com\/en\/wp-json\/wp\/v2\/comments?post=1468"}],"version-history":[{"count":6,"href":"https:\/\/bienvenueafricains.com\/en\/wp-json\/wp\/v2\/pages\/1468\/revisions"}],"predecessor-version":[{"id":5912,"href":"https:\/\/bienvenueafricains.com\/en\/wp-json\/wp\/v2\/pages\/1468\/revisions\/5912"}],"up":[{"embeddable":true,"href":"https:\/\/bienvenueafricains.com\/en\/wp-json\/wp\/v2\/pages\/1385"}],"wp:attachment":[{"href":"https:\/\/bienvenueafricains.com\/en\/wp-json\/wp\/v2\/media?parent=1468"}],"curies":[{"name":"wp","href":"https:\/\/api.w.org\/{rel}","templated":true}]}}