{"id":1469,"date":"2014-02-19T21:57:04","date_gmt":"2014-02-19T21:57:04","guid":{"rendered":"http:\/\/bienvenueafricains.com\/en\/wolof\/yoonu-mucc-gi-yalla-teral\/disc-5\/"},"modified":"2019-10-28T22:23:12","modified_gmt":"2019-10-28T22:23:12","slug":"disc-5","status":"publish","type":"page","link":"https:\/\/bienvenueafricains.com\/en\/wolof\/yoonu-mucc-gi-yalla-teral\/disc-5\/","title":{"rendered":"Stories 22-25 &#8211; The Way To Salvation (Yoonu Mucc gi Y\u00e0lla T\u00ebral) in Wolof"},"content":{"rendered":"<h3>Disc 5<\/h3>\n05.01-God Chose Joshua To Lead The People Into The 'Promise Land' (Y\u00e0lla T\u00e0nn Na Yosuwe Ngir Mu Y\u00f3bbu Waa Israyil Ci R\u00e9ew mi Mu Leen Dig).mp3<br \/>\t<audio id=\"wp_mep_1\" src=\"http:\/\/bienvenueafricains.com\/mp3\/wolof\/1-yoonu-mucc-gi-yalla-teral\/disc5\/05.01-God Chose Joshua To Lead The People Into The 'Promise Land' (Y\u00e0lla T\u00e0nn Na Yosuwe Ngir Mu Y\u00f3bbu Waa Israyil Ci R\u00e9ew mi Mu Leen Dig).mp3\"     controls=\"controls\" preload=\"none\"  >\r\n\t\t\r\n\t\t\r\n\t\t\r\n\t\t\r\n\t\t\r\n\t\t\r\n\t\t\r\n\t<\/audio>\r\n<script type=\"text\/javascript\">\r\njQuery(document).ready(function($) {\r\n\t$('#wp_mep_1').mediaelementplayer({\r\n\t\tm:1\r\n\t\t\r\n\t\t,features: ['playpause','current','progress','duration','volume','tracks','fullscreen']\r\n\t\t,audioWidth:320,audioHeight:\r\n\t});\r\n});\r\n<\/script>\r\n<p class=\"download-file\"><br \/><a href=\"http:\/\/bienvenueafricains.com\/mp3\/wolof\/1-yoonu-mucc-gi-yalla-teral\/disc5\/05.01-God Chose Joshua To Lead The People Into The 'Promise Land' (Y\u00e0lla T\u00e0nn Na Yosuwe Ngir Mu Y\u00f3bbu Waa Israyil Ci R\u00e9ew mi Mu Leen Dig).mp3\">Download this file (Right Click to Save Link As) <\/a><br \/><br \/><p>05.02-God Called Samuel (Y\u00e0lla Woo Na Samwil).mp3<br \/>\t<audio id=\"wp_mep_2\" src=\"http:\/\/bienvenueafricains.com\/mp3\/wolof\/1-yoonu-mucc-gi-yalla-teral\/disc5\/05.02-God Called Samuel (Y\u00e0lla Woo Na Samwil).mp3\"     controls=\"controls\" preload=\"none\"  >\r\n\t\t\r\n\t\t\r\n\t\t\r\n\t\t\r\n\t\t\r\n\t\t\r\n\t\t\r\n\t<\/audio>\r\n<script type=\"text\/javascript\">\r\njQuery(document).ready(function($) {\r\n\t$('#wp_mep_2').mediaelementplayer({\r\n\t\tm:1\r\n\t\t\r\n\t\t,features: ['playpause','current','progress','duration','volume','tracks','fullscreen']\r\n\t\t,audioWidth:320,audioHeight:\r\n\t});\r\n});\r\n<\/script>\r\n<p class=\"download-file\"><br \/><a href=\"http:\/\/bienvenueafricains.com\/mp3\/wolof\/1-yoonu-mucc-gi-yalla-teral\/disc5\/05.02-God Called Samuel (Y\u00e0lla Woo Na Samwil).mp3\">Download this file (Right Click to Save Link As) <\/a><br \/><br \/><p>05.03-God Chose Saul To Be King of Israel (Y\u00e0lla T\u00e0nn Na S\u00f3ol Mu Nekk Buuru Israyil).mp3<br \/>\t<audio id=\"wp_mep_3\" src=\"http:\/\/bienvenueafricains.com\/mp3\/wolof\/1-yoonu-mucc-gi-yalla-teral\/disc5\/05.03-God Chose Saul To Be King of Israel (Y\u00e0lla T\u00e0nn Na S\u00f3ol Mu Nekk Buuru Israyil).mp3\"     controls=\"controls\" preload=\"none\"  >\r\n\t\t\r\n\t\t\r\n\t\t\r\n\t\t\r\n\t\t\r\n\t\t\r\n\t\t\r\n\t<\/audio>\r\n<script type=\"text\/javascript\">\r\njQuery(document).ready(function($) {\r\n\t$('#wp_mep_3').mediaelementplayer({\r\n\t\tm:1\r\n\t\t\r\n\t\t,features: ['playpause','current','progress','duration','volume','tracks','fullscreen']\r\n\t\t,audioWidth:320,audioHeight:\r\n\t});\r\n});\r\n<\/script>\r\n<p class=\"download-file\"><br \/><a href=\"http:\/\/bienvenueafricains.com\/mp3\/wolof\/1-yoonu-mucc-gi-yalla-teral\/disc5\/05.03-God Chose Saul To Be King of Israel (Y\u00e0lla T\u00e0nn Na S\u00f3ol Mu Nekk Buuru Israyil).mp3\">Download this file (Right Click to Save Link As) <\/a><br \/><br \/><p>05.04-God Chose David To Replace Saul (Y\u00e0lla T\u00e0nn Na Dawuda Mu Wuutu S\u00f3ol).mp3<br \/>\t<audio id=\"wp_mep_4\" src=\"http:\/\/bienvenueafricains.com\/mp3\/wolof\/1-yoonu-mucc-gi-yalla-teral\/disc5\/05.04-God Chose David To Replace Saul (Y\u00e0lla T\u00e0nn Na Dawuda Mu Wuutu S\u00f3ol).mp3\"     controls=\"controls\" preload=\"none\"  >\r\n\t\t\r\n\t\t\r\n\t\t\r\n\t\t\r\n\t\t\r\n\t\t\r\n\t\t\r\n\t<\/audio>\r\n<script type=\"text\/javascript\">\r\njQuery(document).ready(function($) {\r\n\t$('#wp_mep_4').mediaelementplayer({\r\n\t\tm:1\r\n\t\t\r\n\t\t,features: ['playpause','current','progress','duration','volume','tracks','fullscreen']\r\n\t\t,audioWidth:320,audioHeight:\r\n\t});\r\n});\r\n<\/script>\r\n<p class=\"download-file\"><br \/><a href=\"http:\/\/bienvenueafricains.com\/mp3\/wolof\/1-yoonu-mucc-gi-yalla-teral\/disc5\/05.04-God Chose David To Replace Saul (Y\u00e0lla T\u00e0nn Na Dawuda Mu Wuutu S\u00f3ol).mp3\">Download this file (Right Click to Save Link As) <\/a><br \/><br \/><p>\n","protected":false},"excerpt":{"rendered":"<p>Disc 5<\/p>\n","protected":false},"author":2,"featured_media":0,"parent":1385,"menu_order":4,"comment_status":"closed","ping_status":"closed","template":"","meta":[],"acf":[],"yoast_head":"<!-- This site is optimized with the Yoast SEO plugin v21.8.1 - https:\/\/yoast.com\/wordpress\/plugins\/seo\/ -->\n<title>Stories 22-25 - The Way To Salvation (Yoonu Mucc gi Y\u00e0lla T\u00ebral) in Wolof - Welcome Africans<\/title>\n<meta name=\"robots\" content=\"index, follow, max-snippet:-1, max-image-preview:large, max-video-preview:-1\" \/>\n<link rel=\"canonical\" href=\"https:\/\/bienvenueafricains.com\/en\/wolof\/yoonu-mucc-gi-yalla-teral\/disc-5\/\" \/>\n<meta property=\"og:locale\" content=\"en_US\" \/>\n<meta property=\"og:type\" content=\"article\" \/>\n<meta property=\"og:title\" content=\"Stories 22-25 - The Way To Salvation (Yoonu Mucc gi Y\u00e0lla T\u00ebral) in Wolof - Welcome Africans\" \/>\n<meta property=\"og:description\" content=\"Disc 5\" \/>\n<meta property=\"og:url\" content=\"https:\/\/bienvenueafricains.com\/en\/wolof\/yoonu-mucc-gi-yalla-teral\/disc-5\/\" \/>\n<meta property=\"og:site_name\" content=\"Welcome Africans\" \/>\n<meta property=\"article:modified_time\" content=\"2019-10-28T22:23:12+00:00\" \/>\n<meta name=\"twitter:card\" content=\"summary_large_image\" \/>\n<script type=\"application\/ld+json\" class=\"yoast-schema-graph\">{\"@context\":\"https:\/\/schema.org\",\"@graph\":[{\"@type\":\"WebPage\",\"@id\":\"https:\/\/bienvenueafricains.com\/en\/wolof\/yoonu-mucc-gi-yalla-teral\/disc-5\/\",\"url\":\"https:\/\/bienvenueafricains.com\/en\/wolof\/yoonu-mucc-gi-yalla-teral\/disc-5\/\",\"name\":\"Stories 22-25 - The Way To Salvation (Yoonu Mucc gi Y\u00e0lla T\u00ebral) in Wolof - Welcome Africans\",\"isPartOf\":{\"@id\":\"https:\/\/bienvenueafricains.com\/en\/#website\"},\"datePublished\":\"2014-02-19T21:57:04+00:00\",\"dateModified\":\"2019-10-28T22:23:12+00:00\",\"breadcrumb\":{\"@id\":\"https:\/\/bienvenueafricains.com\/en\/wolof\/yoonu-mucc-gi-yalla-teral\/disc-5\/#breadcrumb\"},\"inLanguage\":\"en-US\",\"potentialAction\":[{\"@type\":\"ReadAction\",\"target\":[\"https:\/\/bienvenueafricains.com\/en\/wolof\/yoonu-mucc-gi-yalla-teral\/disc-5\/\"]}]},{\"@type\":\"BreadcrumbList\",\"@id\":\"https:\/\/bienvenueafricains.com\/en\/wolof\/yoonu-mucc-gi-yalla-teral\/disc-5\/#breadcrumb\",\"itemListElement\":[{\"@type\":\"ListItem\",\"position\":1,\"name\":\"Home\",\"item\":\"https:\/\/bienvenueafricains.com\/en\/\"},{\"@type\":\"ListItem\",\"position\":2,\"name\":\"Wolof\",\"item\":\"https:\/\/bienvenueafricains.com\/en\/wolof\/\"},{\"@type\":\"ListItem\",\"position\":3,\"name\":\"The Way To Salvation (Yoonu Mucc gi Y\u00e0lla T\u00ebral) in Wolof\",\"item\":\"https:\/\/bienvenueafricains.com\/en\/wolof\/yoonu-mucc-gi-yalla-teral\/\"},{\"@type\":\"ListItem\",\"position\":4,\"name\":\"Stories 22-25 &#8211; The Way To Salvation (Yoonu Mucc gi Y\u00e0lla T\u00ebral) in Wolof\"}]},{\"@type\":\"WebSite\",\"@id\":\"https:\/\/bienvenueafricains.com\/en\/#website\",\"url\":\"https:\/\/bienvenueafricains.com\/en\/\",\"name\":\"Welcome Africans\",\"description\":\"On the Straight Path to God through Nabi Isa\",\"potentialAction\":[{\"@type\":\"SearchAction\",\"target\":{\"@type\":\"EntryPoint\",\"urlTemplate\":\"https:\/\/bienvenueafricains.com\/en\/?s={search_term_string}\"},\"query-input\":\"required name=search_term_string\"}],\"inLanguage\":\"en-US\"}]}<\/script>\n<!-- \/ Yoast SEO plugin. -->","yoast_head_json":{"title":"Stories 22-25 - The Way To Salvation (Yoonu Mucc gi Y\u00e0lla T\u00ebral) in Wolof - Welcome Africans","robots":{"index":"index","follow":"follow","max-snippet":"max-snippet:-1","max-image-preview":"max-image-preview:large","max-video-preview":"max-video-preview:-1"},"canonical":"https:\/\/bienvenueafricains.com\/en\/wolof\/yoonu-mucc-gi-yalla-teral\/disc-5\/","og_locale":"en_US","og_type":"article","og_title":"Stories 22-25 - The Way To Salvation (Yoonu Mucc gi Y\u00e0lla T\u00ebral) in Wolof - Welcome Africans","og_description":"Disc 5","og_url":"https:\/\/bienvenueafricains.com\/en\/wolof\/yoonu-mucc-gi-yalla-teral\/disc-5\/","og_site_name":"Welcome Africans","article_modified_time":"2019-10-28T22:23:12+00:00","twitter_card":"summary_large_image","schema":{"@context":"https:\/\/schema.org","@graph":[{"@type":"WebPage","@id":"https:\/\/bienvenueafricains.com\/en\/wolof\/yoonu-mucc-gi-yalla-teral\/disc-5\/","url":"https:\/\/bienvenueafricains.com\/en\/wolof\/yoonu-mucc-gi-yalla-teral\/disc-5\/","name":"Stories 22-25 - The Way To Salvation (Yoonu Mucc gi Y\u00e0lla T\u00ebral) in Wolof - Welcome Africans","isPartOf":{"@id":"https:\/\/bienvenueafricains.com\/en\/#website"},"datePublished":"2014-02-19T21:57:04+00:00","dateModified":"2019-10-28T22:23:12+00:00","breadcrumb":{"@id":"https:\/\/bienvenueafricains.com\/en\/wolof\/yoonu-mucc-gi-yalla-teral\/disc-5\/#breadcrumb"},"inLanguage":"en-US","potentialAction":[{"@type":"ReadAction","target":["https:\/\/bienvenueafricains.com\/en\/wolof\/yoonu-mucc-gi-yalla-teral\/disc-5\/"]}]},{"@type":"BreadcrumbList","@id":"https:\/\/bienvenueafricains.com\/en\/wolof\/yoonu-mucc-gi-yalla-teral\/disc-5\/#breadcrumb","itemListElement":[{"@type":"ListItem","position":1,"name":"Home","item":"https:\/\/bienvenueafricains.com\/en\/"},{"@type":"ListItem","position":2,"name":"Wolof","item":"https:\/\/bienvenueafricains.com\/en\/wolof\/"},{"@type":"ListItem","position":3,"name":"The Way To Salvation (Yoonu Mucc gi Y\u00e0lla T\u00ebral) in Wolof","item":"https:\/\/bienvenueafricains.com\/en\/wolof\/yoonu-mucc-gi-yalla-teral\/"},{"@type":"ListItem","position":4,"name":"Stories 22-25 &#8211; The Way To Salvation (Yoonu Mucc gi Y\u00e0lla T\u00ebral) in Wolof"}]},{"@type":"WebSite","@id":"https:\/\/bienvenueafricains.com\/en\/#website","url":"https:\/\/bienvenueafricains.com\/en\/","name":"Welcome Africans","description":"On the Straight Path to God through Nabi Isa","potentialAction":[{"@type":"SearchAction","target":{"@type":"EntryPoint","urlTemplate":"https:\/\/bienvenueafricains.com\/en\/?s={search_term_string}"},"query-input":"required name=search_term_string"}],"inLanguage":"en-US"}]}},"_links":{"self":[{"href":"https:\/\/bienvenueafricains.com\/en\/wp-json\/wp\/v2\/pages\/1469"}],"collection":[{"href":"https:\/\/bienvenueafricains.com\/en\/wp-json\/wp\/v2\/pages"}],"about":[{"href":"https:\/\/bienvenueafricains.com\/en\/wp-json\/wp\/v2\/types\/page"}],"author":[{"embeddable":true,"href":"https:\/\/bienvenueafricains.com\/en\/wp-json\/wp\/v2\/users\/2"}],"replies":[{"embeddable":true,"href":"https:\/\/bienvenueafricains.com\/en\/wp-json\/wp\/v2\/comments?post=1469"}],"version-history":[{"count":6,"href":"https:\/\/bienvenueafricains.com\/en\/wp-json\/wp\/v2\/pages\/1469\/revisions"}],"predecessor-version":[{"id":5913,"href":"https:\/\/bienvenueafricains.com\/en\/wp-json\/wp\/v2\/pages\/1469\/revisions\/5913"}],"up":[{"embeddable":true,"href":"https:\/\/bienvenueafricains.com\/en\/wp-json\/wp\/v2\/pages\/1385"}],"wp:attachment":[{"href":"https:\/\/bienvenueafricains.com\/en\/wp-json\/wp\/v2\/media?parent=1469"}],"curies":[{"name":"wp","href":"https:\/\/api.w.org\/{rel}","templated":true}]}}