{"id":1690,"date":"2014-02-26T18:01:42","date_gmt":"2014-02-26T18:01:42","guid":{"rendered":"http:\/\/bienvenueafricains.com\/en\/?page_id=1690"},"modified":"2019-11-19T21:46:29","modified_gmt":"2019-11-19T21:46:29","slug":"gospel-according-to-john","status":"publish","type":"page","link":"https:\/\/bienvenueafricains.com\/en\/wolof\/gospel-according-to-john\/","title":{"rendered":"Gospel of Jesus According to John (K\u00e0ddug Y\u00e0lla W\u00e0ll ci Linjiil bi tudd Yowanna) in Wolof"},"content":{"rendered":"<h2 class=\"wp-block-heading\">&#8220;In the Beginning was the Word &#8230;&#8221; The Gospel of John<\/h2>\n<p><a href=\"http:\/\/bienvenueafricains.com\/mp3\/wolof\/gospel-according-to-john-chanted\/Gospel According to John Zipped.zip\">Download all files<\/a><\/p>\njohn-01v1-4v42.mp3<br \/>\t<audio id=\"wp_mep_1\" src=\"http:\/\/bienvenueafricains.com\/mp3\/wolof\/gospel-according-to-john-chanted\/john-01v1-4v42.mp3\"     controls=\"controls\" preload=\"none\"  >\r\n\t\t\r\n\t\t\r\n\t\t\r\n\t\t\r\n\t\t\r\n\t\t\r\n\t\t\r\n\t<\/audio>\r\n<script type=\"text\/javascript\">\r\njQuery(document).ready(function($) {\r\n\t$('#wp_mep_1').mediaelementplayer({\r\n\t\tm:1\r\n\t\t\r\n\t\t,features: ['playpause','current','progress','duration','volume','tracks','fullscreen']\r\n\t\t,audioWidth:320,audioHeight:\r\n\t});\r\n});\r\n<\/script>\r\n<p class=\"download-file\"><br \/><a href=\"http:\/\/bienvenueafricains.com\/mp3\/wolof\/gospel-according-to-john-chanted\/john-01v1-4v42.mp3\">Download this file (Right Click to Save Link As) <\/a><br \/><br \/><p>john-04v43-7v36.mp3<br \/>\t<audio id=\"wp_mep_2\" src=\"http:\/\/bienvenueafricains.com\/mp3\/wolof\/gospel-according-to-john-chanted\/john-04v43-7v36.mp3\"     controls=\"controls\" preload=\"none\"  >\r\n\t\t\r\n\t\t\r\n\t\t\r\n\t\t\r\n\t\t\r\n\t\t\r\n\t\t\r\n\t<\/audio>\r\n<script type=\"text\/javascript\">\r\njQuery(document).ready(function($) {\r\n\t$('#wp_mep_2').mediaelementplayer({\r\n\t\tm:1\r\n\t\t\r\n\t\t,features: ['playpause','current','progress','duration','volume','tracks','fullscreen']\r\n\t\t,audioWidth:320,audioHeight:\r\n\t});\r\n});\r\n<\/script>\r\n<p class=\"download-file\"><br \/><a href=\"http:\/\/bienvenueafricains.com\/mp3\/wolof\/gospel-according-to-john-chanted\/john-04v43-7v36.mp3\">Download this file (Right Click to Save Link As) <\/a><br \/><br \/><p>john-07v37-10v42.mp3<br \/>\t<audio id=\"wp_mep_3\" src=\"http:\/\/bienvenueafricains.com\/mp3\/wolof\/gospel-according-to-john-chanted\/john-07v37-10v42.mp3\"     controls=\"controls\" preload=\"none\"  >\r\n\t\t\r\n\t\t\r\n\t\t\r\n\t\t\r\n\t\t\r\n\t\t\r\n\t\t\r\n\t<\/audio>\r\n<script type=\"text\/javascript\">\r\njQuery(document).ready(function($) {\r\n\t$('#wp_mep_3').mediaelementplayer({\r\n\t\tm:1\r\n\t\t\r\n\t\t,features: ['playpause','current','progress','duration','volume','tracks','fullscreen']\r\n\t\t,audioWidth:320,audioHeight:\r\n\t});\r\n});\r\n<\/script>\r\n<p class=\"download-file\"><br \/><a href=\"http:\/\/bienvenueafricains.com\/mp3\/wolof\/gospel-according-to-john-chanted\/john-07v37-10v42.mp3\">Download this file (Right Click to Save Link As) <\/a><br \/><br \/><p>john-11v1-13v38.mp3<br \/>\t<audio id=\"wp_mep_4\" src=\"http:\/\/bienvenueafricains.com\/mp3\/wolof\/gospel-according-to-john-chanted\/john-11v1-13v38.mp3\"     controls=\"controls\" preload=\"none\"  >\r\n\t\t\r\n\t\t\r\n\t\t\r\n\t\t\r\n\t\t\r\n\t\t\r\n\t\t\r\n\t<\/audio>\r\n<script type=\"text\/javascript\">\r\njQuery(document).ready(function($) {\r\n\t$('#wp_mep_4').mediaelementplayer({\r\n\t\tm:1\r\n\t\t\r\n\t\t,features: ['playpause','current','progress','duration','volume','tracks','fullscreen']\r\n\t\t,audioWidth:320,audioHeight:\r\n\t});\r\n});\r\n<\/script>\r\n<p class=\"download-file\"><br \/><a href=\"http:\/\/bienvenueafricains.com\/mp3\/wolof\/gospel-according-to-john-chanted\/john-11v1-13v38.mp3\">Download this file (Right Click to Save Link As) <\/a><br \/><br \/><p>john-14v1-18v27.mp3<br \/>\t<audio id=\"wp_mep_5\" src=\"http:\/\/bienvenueafricains.com\/mp3\/wolof\/gospel-according-to-john-chanted\/john-14v1-18v27.mp3\"     controls=\"controls\" preload=\"none\"  >\r\n\t\t\r\n\t\t\r\n\t\t\r\n\t\t\r\n\t\t\r\n\t\t\r\n\t\t\r\n\t<\/audio>\r\n<script type=\"text\/javascript\">\r\njQuery(document).ready(function($) {\r\n\t$('#wp_mep_5').mediaelementplayer({\r\n\t\tm:1\r\n\t\t\r\n\t\t,features: ['playpause','current','progress','duration','volume','tracks','fullscreen']\r\n\t\t,audioWidth:320,audioHeight:\r\n\t});\r\n});\r\n<\/script>\r\n<p class=\"download-file\"><br \/><a href=\"http:\/\/bienvenueafricains.com\/mp3\/wolof\/gospel-according-to-john-chanted\/john-14v1-18v27.mp3\">Download this file (Right Click to Save Link As) <\/a><br \/><br \/><p>john-18v28-21v25.mp3<br \/>\t<audio id=\"wp_mep_6\" src=\"http:\/\/bienvenueafricains.com\/mp3\/wolof\/gospel-according-to-john-chanted\/john-18v28-21v25.mp3\"     controls=\"controls\" preload=\"none\"  >\r\n\t\t\r\n\t\t\r\n\t\t\r\n\t\t\r\n\t\t\r\n\t\t\r\n\t\t\r\n\t<\/audio>\r\n<script type=\"text\/javascript\">\r\njQuery(document).ready(function($) {\r\n\t$('#wp_mep_6').mediaelementplayer({\r\n\t\tm:1\r\n\t\t\r\n\t\t,features: ['playpause','current','progress','duration','volume','tracks','fullscreen']\r\n\t\t,audioWidth:320,audioHeight:\r\n\t});\r\n});\r\n<\/script>\r\n<p class=\"download-file\"><br \/><a href=\"http:\/\/bienvenueafricains.com\/mp3\/wolof\/gospel-according-to-john-chanted\/john-18v28-21v25.mp3\">Download this file (Right Click to Save Link As) <\/a><br \/><br \/><p>\n<h2 class=\"wp-block-heading\">The Son of God<\/h2>\n<p>Jesus becomes human as the incarnation of the creator God of Israel, to share His love and the gift of eternal life with the world. Throughout the Gospel of John, we see that Jesus is God and the reality toward which all of Israel&#8217;s history points.<\/p>\n<p>Not only is Jesus the Messiah, but He&#8217;s also the Son of God who gives eternal life to everyone who believes on His name. We see this reality through the signs and miracles He performs, and seven times He answers &#8220;I Am&#8221; when people question His identity.<\/p>\n<p>He also uses His time on earth to introduce people to the new birth. By believing that He is the Messiah and God&#8217;s son, they have eternal life and freedom from sin and are empowered to perform radical acts of kindness, generosity and selfless love as they listen to His voice and obey Him.<\/p>\n","protected":false},"excerpt":{"rendered":"<p>&#8220;In the Beginning was the Word &#8230;&#8221; The Gospel of John Download all files The Son of God Jesus becomes human as the incarnation of the creator God of Israel, to share His love and the gift of eternal life with the world. Throughout the Gospel of John, we see that Jesus is God and [&hellip;]<\/p>\n","protected":false},"author":2,"featured_media":0,"parent":101,"menu_order":5,"comment_status":"closed","ping_status":"closed","template":"","meta":[],"acf":[],"yoast_head":"<!-- This site is optimized with the Yoast SEO plugin v21.8.1 - https:\/\/yoast.com\/wordpress\/plugins\/seo\/ -->\n<title>Gospel of Jesus According to John (K\u00e0ddug Y\u00e0lla W\u00e0ll ci Linjiil bi tudd Yowanna) in Wolof - Welcome Africans<\/title>\n<meta name=\"robots\" content=\"index, follow, max-snippet:-1, max-image-preview:large, max-video-preview:-1\" \/>\n<link rel=\"canonical\" href=\"https:\/\/bienvenueafricains.com\/en\/wolof\/gospel-according-to-john\/\" \/>\n<meta property=\"og:locale\" content=\"en_US\" \/>\n<meta property=\"og:type\" content=\"article\" \/>\n<meta property=\"og:title\" content=\"Gospel of Jesus According to John (K\u00e0ddug Y\u00e0lla W\u00e0ll ci Linjiil bi tudd Yowanna) in Wolof - Welcome Africans\" \/>\n<meta property=\"og:description\" content=\"&#8220;In the Beginning was the Word &#8230;&#8221; The Gospel of John Download all files The Son of God Jesus becomes human as the incarnation of the creator God of Israel, to share His love and the gift of eternal life with the world. Throughout the Gospel of John, we see that Jesus is God and [&hellip;]\" \/>\n<meta property=\"og:url\" content=\"https:\/\/bienvenueafricains.com\/en\/wolof\/gospel-according-to-john\/\" \/>\n<meta property=\"og:site_name\" content=\"Welcome Africans\" \/>\n<meta property=\"article:modified_time\" content=\"2019-11-19T21:46:29+00:00\" \/>\n<meta name=\"twitter:card\" content=\"summary_large_image\" \/>\n<meta name=\"twitter:label1\" content=\"Est. reading time\" \/>\n\t<meta name=\"twitter:data1\" content=\"1 minute\" \/>\n<script type=\"application\/ld+json\" class=\"yoast-schema-graph\">{\"@context\":\"https:\/\/schema.org\",\"@graph\":[{\"@type\":\"WebPage\",\"@id\":\"https:\/\/bienvenueafricains.com\/en\/wolof\/gospel-according-to-john\/\",\"url\":\"https:\/\/bienvenueafricains.com\/en\/wolof\/gospel-according-to-john\/\",\"name\":\"Gospel of Jesus According to John (K\u00e0ddug Y\u00e0lla W\u00e0ll ci Linjiil bi tudd Yowanna) in Wolof - Welcome Africans\",\"isPartOf\":{\"@id\":\"https:\/\/bienvenueafricains.com\/en\/#website\"},\"datePublished\":\"2014-02-26T18:01:42+00:00\",\"dateModified\":\"2019-11-19T21:46:29+00:00\",\"breadcrumb\":{\"@id\":\"https:\/\/bienvenueafricains.com\/en\/wolof\/gospel-according-to-john\/#breadcrumb\"},\"inLanguage\":\"en-US\",\"potentialAction\":[{\"@type\":\"ReadAction\",\"target\":[\"https:\/\/bienvenueafricains.com\/en\/wolof\/gospel-according-to-john\/\"]}]},{\"@type\":\"BreadcrumbList\",\"@id\":\"https:\/\/bienvenueafricains.com\/en\/wolof\/gospel-according-to-john\/#breadcrumb\",\"itemListElement\":[{\"@type\":\"ListItem\",\"position\":1,\"name\":\"Home\",\"item\":\"https:\/\/bienvenueafricains.com\/en\/\"},{\"@type\":\"ListItem\",\"position\":2,\"name\":\"Wolof\",\"item\":\"https:\/\/bienvenueafricains.com\/en\/wolof\/\"},{\"@type\":\"ListItem\",\"position\":3,\"name\":\"Gospel of Jesus According to John (K\u00e0ddug Y\u00e0lla W\u00e0ll ci Linjiil bi tudd Yowanna) in Wolof\"}]},{\"@type\":\"WebSite\",\"@id\":\"https:\/\/bienvenueafricains.com\/en\/#website\",\"url\":\"https:\/\/bienvenueafricains.com\/en\/\",\"name\":\"Welcome Africans\",\"description\":\"On the Straight Path to God through Nabi Isa\",\"potentialAction\":[{\"@type\":\"SearchAction\",\"target\":{\"@type\":\"EntryPoint\",\"urlTemplate\":\"https:\/\/bienvenueafricains.com\/en\/?s={search_term_string}\"},\"query-input\":\"required name=search_term_string\"}],\"inLanguage\":\"en-US\"}]}<\/script>\n<!-- \/ Yoast SEO plugin. -->","yoast_head_json":{"title":"Gospel of Jesus According to John (K\u00e0ddug Y\u00e0lla W\u00e0ll ci Linjiil bi tudd Yowanna) in Wolof - Welcome Africans","robots":{"index":"index","follow":"follow","max-snippet":"max-snippet:-1","max-image-preview":"max-image-preview:large","max-video-preview":"max-video-preview:-1"},"canonical":"https:\/\/bienvenueafricains.com\/en\/wolof\/gospel-according-to-john\/","og_locale":"en_US","og_type":"article","og_title":"Gospel of Jesus According to John (K\u00e0ddug Y\u00e0lla W\u00e0ll ci Linjiil bi tudd Yowanna) in Wolof - Welcome Africans","og_description":"&#8220;In the Beginning was the Word &#8230;&#8221; The Gospel of John Download all files The Son of God Jesus becomes human as the incarnation of the creator God of Israel, to share His love and the gift of eternal life with the world. Throughout the Gospel of John, we see that Jesus is God and [&hellip;]","og_url":"https:\/\/bienvenueafricains.com\/en\/wolof\/gospel-according-to-john\/","og_site_name":"Welcome Africans","article_modified_time":"2019-11-19T21:46:29+00:00","twitter_card":"summary_large_image","twitter_misc":{"Est. reading time":"1 minute"},"schema":{"@context":"https:\/\/schema.org","@graph":[{"@type":"WebPage","@id":"https:\/\/bienvenueafricains.com\/en\/wolof\/gospel-according-to-john\/","url":"https:\/\/bienvenueafricains.com\/en\/wolof\/gospel-according-to-john\/","name":"Gospel of Jesus According to John (K\u00e0ddug Y\u00e0lla W\u00e0ll ci Linjiil bi tudd Yowanna) in Wolof - Welcome Africans","isPartOf":{"@id":"https:\/\/bienvenueafricains.com\/en\/#website"},"datePublished":"2014-02-26T18:01:42+00:00","dateModified":"2019-11-19T21:46:29+00:00","breadcrumb":{"@id":"https:\/\/bienvenueafricains.com\/en\/wolof\/gospel-according-to-john\/#breadcrumb"},"inLanguage":"en-US","potentialAction":[{"@type":"ReadAction","target":["https:\/\/bienvenueafricains.com\/en\/wolof\/gospel-according-to-john\/"]}]},{"@type":"BreadcrumbList","@id":"https:\/\/bienvenueafricains.com\/en\/wolof\/gospel-according-to-john\/#breadcrumb","itemListElement":[{"@type":"ListItem","position":1,"name":"Home","item":"https:\/\/bienvenueafricains.com\/en\/"},{"@type":"ListItem","position":2,"name":"Wolof","item":"https:\/\/bienvenueafricains.com\/en\/wolof\/"},{"@type":"ListItem","position":3,"name":"Gospel of Jesus According to John (K\u00e0ddug Y\u00e0lla W\u00e0ll ci Linjiil bi tudd Yowanna) in Wolof"}]},{"@type":"WebSite","@id":"https:\/\/bienvenueafricains.com\/en\/#website","url":"https:\/\/bienvenueafricains.com\/en\/","name":"Welcome Africans","description":"On the Straight Path to God through Nabi Isa","potentialAction":[{"@type":"SearchAction","target":{"@type":"EntryPoint","urlTemplate":"https:\/\/bienvenueafricains.com\/en\/?s={search_term_string}"},"query-input":"required name=search_term_string"}],"inLanguage":"en-US"}]}},"_links":{"self":[{"href":"https:\/\/bienvenueafricains.com\/en\/wp-json\/wp\/v2\/pages\/1690"}],"collection":[{"href":"https:\/\/bienvenueafricains.com\/en\/wp-json\/wp\/v2\/pages"}],"about":[{"href":"https:\/\/bienvenueafricains.com\/en\/wp-json\/wp\/v2\/types\/page"}],"author":[{"embeddable":true,"href":"https:\/\/bienvenueafricains.com\/en\/wp-json\/wp\/v2\/users\/2"}],"replies":[{"embeddable":true,"href":"https:\/\/bienvenueafricains.com\/en\/wp-json\/wp\/v2\/comments?post=1690"}],"version-history":[{"count":10,"href":"https:\/\/bienvenueafricains.com\/en\/wp-json\/wp\/v2\/pages\/1690\/revisions"}],"predecessor-version":[{"id":6337,"href":"https:\/\/bienvenueafricains.com\/en\/wp-json\/wp\/v2\/pages\/1690\/revisions\/6337"}],"up":[{"embeddable":true,"href":"https:\/\/bienvenueafricains.com\/en\/wp-json\/wp\/v2\/pages\/101"}],"wp:attachment":[{"href":"https:\/\/bienvenueafricains.com\/en\/wp-json\/wp\/v2\/media?parent=1690"}],"curies":[{"name":"wp","href":"https:\/\/api.w.org\/{rel}","templated":true}]}}