{"id":8735,"date":"2021-01-16T23:12:42","date_gmt":"2021-01-16T23:12:42","guid":{"rendered":"https:\/\/bienvenueafricains.com\/en\/?page_id=8735"},"modified":"2021-01-16T23:12:43","modified_gmt":"2021-01-16T23:12:43","slug":"watch-for-this-reason-loolu-moo-tax","status":"publish","type":"page","link":"https:\/\/bienvenueafricains.com\/en\/watch-for-this-reason-loolu-moo-tax\/","title":{"rendered":"Watch For This Reason (Loolu Moo Tax)"},"content":{"rendered":"<p style=\"position: relative; padding: 30px 0px 57% 0px; height: 0; overflow: hidden;\"><iframe src=\"https:\/\/player.vimeo.com\/video\/492055850?autoplay=1\" style=\"display: block; margin: 0px auto; position: absolute; top: 0; left: 0;\" width=\"100%\" height=\"100%\" frameborder=\"0\" allowfullscreen=\"allowfullscreen\"><\/iframe><\/p>\n<p><strong>LOOLU MOO TAX<\/strong>\u00a0ab tukki la bu gaaw ci Mbindi yonent yi. Bi mu t\u00e0mbalee ci ni \u00f1u s\u00e0kke \u00e0ddina, dafay nettali li tax Y\u00e0lla y\u00f3nni ab Musalkat ci \u00e0ddina, kuy Musalkat boobu ak lan la def lu nuy tax a m\u00ebna xam Y\u00e0lla, b\u00ebgg ko te di dund ak Moom ba f\u00e0ww. Bu fekkee sax ne nettalib juddug Almasi lu baax lool la ci jamonoy Nowel \u2013 film bu baax la itam ci jamono y\u00e9pp ngir xeet y\u00e9pp, ak sax \u00f1i dul def xewum Nowel.<\/p>\n","protected":false},"excerpt":{"rendered":"<p>LOOLU MOO TAX\u00a0ab tukki la bu gaaw ci Mbindi yonent yi. Bi mu t\u00e0mbalee ci ni \u00f1u s\u00e0kke \u00e0ddina, dafay nettali li tax Y\u00e0lla y\u00f3nni ab Musalkat ci \u00e0ddina, kuy Musalkat boobu ak lan la def lu nuy tax a m\u00ebna xam Y\u00e0lla, b\u00ebgg ko te di dund ak Moom ba f\u00e0ww. Bu fekkee sax [&hellip;]<\/p>\n","protected":false},"author":3,"featured_media":0,"parent":0,"menu_order":0,"comment_status":"closed","ping_status":"closed","template":"","meta":[],"acf":[],"yoast_head":"<!-- This site is optimized with the Yoast SEO plugin v21.8.1 - https:\/\/yoast.com\/wordpress\/plugins\/seo\/ -->\n<title>Watch For This Reason (Loolu Moo Tax) - Welcome Africans<\/title>\n<meta name=\"robots\" content=\"index, follow, max-snippet:-1, max-image-preview:large, max-video-preview:-1\" \/>\n<link rel=\"canonical\" href=\"https:\/\/bienvenueafricains.com\/en\/watch-for-this-reason-loolu-moo-tax\/\" \/>\n<meta property=\"og:locale\" content=\"en_US\" \/>\n<meta property=\"og:type\" content=\"article\" \/>\n<meta property=\"og:title\" content=\"Watch For This Reason (Loolu Moo Tax) - Welcome Africans\" \/>\n<meta property=\"og:description\" content=\"LOOLU MOO TAX\u00a0ab tukki la bu gaaw ci Mbindi yonent yi. Bi mu t\u00e0mbalee ci ni \u00f1u s\u00e0kke \u00e0ddina, dafay nettali li tax Y\u00e0lla y\u00f3nni ab Musalkat ci \u00e0ddina, kuy Musalkat boobu ak lan la def lu nuy tax a m\u00ebna xam Y\u00e0lla, b\u00ebgg ko te di dund ak Moom ba f\u00e0ww. Bu fekkee sax [&hellip;]\" \/>\n<meta property=\"og:url\" content=\"https:\/\/bienvenueafricains.com\/en\/watch-for-this-reason-loolu-moo-tax\/\" \/>\n<meta property=\"og:site_name\" content=\"Welcome Africans\" \/>\n<meta property=\"article:modified_time\" content=\"2021-01-16T23:12:43+00:00\" \/>\n<meta name=\"twitter:card\" content=\"summary_large_image\" \/>\n<script type=\"application\/ld+json\" class=\"yoast-schema-graph\">{\"@context\":\"https:\/\/schema.org\",\"@graph\":[{\"@type\":\"WebPage\",\"@id\":\"https:\/\/bienvenueafricains.com\/en\/watch-for-this-reason-loolu-moo-tax\/\",\"url\":\"https:\/\/bienvenueafricains.com\/en\/watch-for-this-reason-loolu-moo-tax\/\",\"name\":\"Watch For This Reason (Loolu Moo Tax) - Welcome Africans\",\"isPartOf\":{\"@id\":\"https:\/\/bienvenueafricains.com\/en\/#website\"},\"datePublished\":\"2021-01-16T23:12:42+00:00\",\"dateModified\":\"2021-01-16T23:12:43+00:00\",\"breadcrumb\":{\"@id\":\"https:\/\/bienvenueafricains.com\/en\/watch-for-this-reason-loolu-moo-tax\/#breadcrumb\"},\"inLanguage\":\"en-US\",\"potentialAction\":[{\"@type\":\"ReadAction\",\"target\":[\"https:\/\/bienvenueafricains.com\/en\/watch-for-this-reason-loolu-moo-tax\/\"]}]},{\"@type\":\"BreadcrumbList\",\"@id\":\"https:\/\/bienvenueafricains.com\/en\/watch-for-this-reason-loolu-moo-tax\/#breadcrumb\",\"itemListElement\":[{\"@type\":\"ListItem\",\"position\":1,\"name\":\"Home\",\"item\":\"https:\/\/bienvenueafricains.com\/en\/\"},{\"@type\":\"ListItem\",\"position\":2,\"name\":\"Watch For This Reason (Loolu Moo Tax)\"}]},{\"@type\":\"WebSite\",\"@id\":\"https:\/\/bienvenueafricains.com\/en\/#website\",\"url\":\"https:\/\/bienvenueafricains.com\/en\/\",\"name\":\"Welcome Africans\",\"description\":\"On the Straight Path to God through Nabi Isa\",\"potentialAction\":[{\"@type\":\"SearchAction\",\"target\":{\"@type\":\"EntryPoint\",\"urlTemplate\":\"https:\/\/bienvenueafricains.com\/en\/?s={search_term_string}\"},\"query-input\":\"required name=search_term_string\"}],\"inLanguage\":\"en-US\"}]}<\/script>\n<!-- \/ Yoast SEO plugin. -->","yoast_head_json":{"title":"Watch For This Reason (Loolu Moo Tax) - Welcome Africans","robots":{"index":"index","follow":"follow","max-snippet":"max-snippet:-1","max-image-preview":"max-image-preview:large","max-video-preview":"max-video-preview:-1"},"canonical":"https:\/\/bienvenueafricains.com\/en\/watch-for-this-reason-loolu-moo-tax\/","og_locale":"en_US","og_type":"article","og_title":"Watch For This Reason (Loolu Moo Tax) - Welcome Africans","og_description":"LOOLU MOO TAX\u00a0ab tukki la bu gaaw ci Mbindi yonent yi. Bi mu t\u00e0mbalee ci ni \u00f1u s\u00e0kke \u00e0ddina, dafay nettali li tax Y\u00e0lla y\u00f3nni ab Musalkat ci \u00e0ddina, kuy Musalkat boobu ak lan la def lu nuy tax a m\u00ebna xam Y\u00e0lla, b\u00ebgg ko te di dund ak Moom ba f\u00e0ww. Bu fekkee sax [&hellip;]","og_url":"https:\/\/bienvenueafricains.com\/en\/watch-for-this-reason-loolu-moo-tax\/","og_site_name":"Welcome Africans","article_modified_time":"2021-01-16T23:12:43+00:00","twitter_card":"summary_large_image","schema":{"@context":"https:\/\/schema.org","@graph":[{"@type":"WebPage","@id":"https:\/\/bienvenueafricains.com\/en\/watch-for-this-reason-loolu-moo-tax\/","url":"https:\/\/bienvenueafricains.com\/en\/watch-for-this-reason-loolu-moo-tax\/","name":"Watch For This Reason (Loolu Moo Tax) - Welcome Africans","isPartOf":{"@id":"https:\/\/bienvenueafricains.com\/en\/#website"},"datePublished":"2021-01-16T23:12:42+00:00","dateModified":"2021-01-16T23:12:43+00:00","breadcrumb":{"@id":"https:\/\/bienvenueafricains.com\/en\/watch-for-this-reason-loolu-moo-tax\/#breadcrumb"},"inLanguage":"en-US","potentialAction":[{"@type":"ReadAction","target":["https:\/\/bienvenueafricains.com\/en\/watch-for-this-reason-loolu-moo-tax\/"]}]},{"@type":"BreadcrumbList","@id":"https:\/\/bienvenueafricains.com\/en\/watch-for-this-reason-loolu-moo-tax\/#breadcrumb","itemListElement":[{"@type":"ListItem","position":1,"name":"Home","item":"https:\/\/bienvenueafricains.com\/en\/"},{"@type":"ListItem","position":2,"name":"Watch For This Reason (Loolu Moo Tax)"}]},{"@type":"WebSite","@id":"https:\/\/bienvenueafricains.com\/en\/#website","url":"https:\/\/bienvenueafricains.com\/en\/","name":"Welcome Africans","description":"On the Straight Path to God through Nabi Isa","potentialAction":[{"@type":"SearchAction","target":{"@type":"EntryPoint","urlTemplate":"https:\/\/bienvenueafricains.com\/en\/?s={search_term_string}"},"query-input":"required name=search_term_string"}],"inLanguage":"en-US"}]}},"_links":{"self":[{"href":"https:\/\/bienvenueafricains.com\/en\/wp-json\/wp\/v2\/pages\/8735"}],"collection":[{"href":"https:\/\/bienvenueafricains.com\/en\/wp-json\/wp\/v2\/pages"}],"about":[{"href":"https:\/\/bienvenueafricains.com\/en\/wp-json\/wp\/v2\/types\/page"}],"author":[{"embeddable":true,"href":"https:\/\/bienvenueafricains.com\/en\/wp-json\/wp\/v2\/users\/3"}],"replies":[{"embeddable":true,"href":"https:\/\/bienvenueafricains.com\/en\/wp-json\/wp\/v2\/comments?post=8735"}],"version-history":[{"count":1,"href":"https:\/\/bienvenueafricains.com\/en\/wp-json\/wp\/v2\/pages\/8735\/revisions"}],"predecessor-version":[{"id":8736,"href":"https:\/\/bienvenueafricains.com\/en\/wp-json\/wp\/v2\/pages\/8735\/revisions\/8736"}],"wp:attachment":[{"href":"https:\/\/bienvenueafricains.com\/en\/wp-json\/wp\/v2\/media?parent=8735"}],"curies":[{"name":"wp","href":"https:\/\/api.w.org\/{rel}","templated":true}]}}